{"id":435,"date":"2025-02-17T12:46:29","date_gmt":"2025-02-17T12:46:29","guid":{"rendered":"https:\/\/wochenmarkt.claudiavogel.ch\/?page_id=435"},"modified":"2026-02-09T06:42:25","modified_gmt":"2026-02-09T06:42:25","slug":"test-home","status":"publish","type":"page","link":"https:\/\/wochenmarkt-sargans.ch\/","title":{"rendered":"Home"},"content":{"rendered":"\t\t<div data-elementor-type=\"wp-page\" data-elementor-id=\"435\" class=\"elementor elementor-435\">\n\t\t\t\t\t\t<section class=\"elementor-section elementor-top-section elementor-element elementor-element-167592de elementor-section-stretched elementor-section-height-min-height elementor-section-content-middle elementor-section-boxed elementor-section-height-default elementor-section-items-middle\" data-id=\"167592de\" data-element_type=\"section\" data-settings=\"{&quot;stretch_section&quot;:&quot;section-stretched&quot;,&quot;background_background&quot;:&quot;slideshow&quot;,&quot;background_slideshow_gallery&quot;:[{&quot;id&quot;:74,&quot;url&quot;:&quot;https:\\\/\\\/wochenmarkt-sargans.ch\\\/wp-content\\\/uploads\\\/2025\\\/01\\\/20240504-_DSC3749-scaled.jpg&quot;},{&quot;id&quot;:73,&quot;url&quot;:&quot;https:\\\/\\\/wochenmarkt-sargans.ch\\\/wp-content\\\/uploads\\\/2025\\\/01\\\/20240504-_DSC3619-scaled.jpg&quot;}],&quot;background_slideshow_loop&quot;:&quot;yes&quot;,&quot;background_slideshow_slide_duration&quot;:5000,&quot;background_slideshow_slide_transition&quot;:&quot;fade&quot;,&quot;background_slideshow_transition_duration&quot;:500}\">\n\t\t\t\t\t\t\t<div class=\"elementor-background-overlay\"><\/div>\n\t\t\t\t\t\t\t<div class=\"elementor-container elementor-column-gap-default\">\n\t\t\t\t\t<div class=\"elementor-column elementor-col-100 elementor-top-column elementor-element elementor-element-32105ab5\" data-id=\"32105ab5\" data-element_type=\"column\">\n\t\t\t<div class=\"elementor-widget-wrap elementor-element-populated\">\n\t\t\t\t\t\t<div class=\"elementor-element elementor-element-786fc322 elementor-widget__width-initial elementor-widget elementor-widget-heading\" data-id=\"786fc322\" data-element_type=\"widget\" data-widget_type=\"heading.default\">\n\t\t\t\t<div class=\"elementor-widget-container\">\n\t\t\t\t\t<h2 class=\"elementor-heading-title elementor-size-default\">Willkommen auf der Webseite des Wochenmarkt Sargans<\/h2>\t\t\t\t<\/div>\n\t\t\t\t<\/div>\n\t\t\t\t<div class=\"elementor-element elementor-element-42a5c8dc elementor-widget elementor-widget-text-editor\" data-id=\"42a5c8dc\" data-element_type=\"widget\" data-widget_type=\"text-editor.default\">\n\t\t\t\t<div class=\"elementor-widget-container\">\n\t\t\t\t\t\t\t\t\t<p>Sch\u00f6n das Sie uns gefunden haben.<\/p>\t\t\t\t\t\t\t\t<\/div>\n\t\t\t\t<\/div>\n\t\t\t\t\t<\/div>\n\t\t<\/div>\n\t\t\t\t\t<\/div>\n\t\t<\/section>\n\t\t\t\t<section class=\"elementor-section elementor-top-section elementor-element elementor-element-4119688c elementor-section-boxed elementor-section-height-default elementor-section-height-default\" data-id=\"4119688c\" data-element_type=\"section\">\n\t\t\t\t\t\t<div class=\"elementor-container elementor-column-gap-default\">\n\t\t\t\t\t<div class=\"elementor-column elementor-col-50 elementor-top-column elementor-element elementor-element-38065a0f\" data-id=\"38065a0f\" data-element_type=\"column\">\n\t\t\t<div class=\"elementor-widget-wrap elementor-element-populated\">\n\t\t\t\t\t\t<div class=\"elementor-element elementor-element-606e777 elementor-widget elementor-widget-image\" data-id=\"606e777\" data-element_type=\"widget\" data-widget_type=\"image.default\">\n\t\t\t\t<div class=\"elementor-widget-container\">\n\t\t\t\t\t\t\t\t\t\t\t\t\t\t\t<img decoding=\"async\" src=\"https:\/\/wochenmarkt-sargans.ch\/wp-content\/uploads\/elementor\/thumbs\/20240504-_DSC3619-scaled-qzzcr9g5qkako9ffdkkqj4xrz4ouhjrhqyd1rfotmk.jpg\" title=\"20240504-_DSC3619\" alt=\"20240504-_DSC3619\" loading=\"lazy\" \/>\t\t\t\t\t\t\t\t\t\t\t\t\t\t\t<\/div>\n\t\t\t\t<\/div>\n\t\t\t\t\t<\/div>\n\t\t<\/div>\n\t\t\t\t<div class=\"elementor-column elementor-col-50 elementor-top-column elementor-element elementor-element-219914ba\" data-id=\"219914ba\" data-element_type=\"column\">\n\t\t\t<div class=\"elementor-widget-wrap elementor-element-populated\">\n\t\t\t\t\t\t<div class=\"elementor-element elementor-element-41ac2b86 elementor-widget elementor-widget-heading\" data-id=\"41ac2b86\" data-element_type=\"widget\" data-widget_type=\"heading.default\">\n\t\t\t\t<div class=\"elementor-widget-container\">\n\t\t\t\t\t<h2 class=\"elementor-heading-title elementor-size-default\">Marktsaison<\/h2>\t\t\t\t<\/div>\n\t\t\t\t<\/div>\n\t\t\t\t<div class=\"elementor-element elementor-element-7a5fa129 elementor-widget elementor-widget-heading\" data-id=\"7a5fa129\" data-element_type=\"widget\" data-widget_type=\"heading.default\">\n\t\t\t\t<div class=\"elementor-widget-container\">\n\t\t\t\t\t<h2 class=\"elementor-heading-title elementor-size-default\"><span style=\"font-family: Arial, Helvetica, sans-serif, Arial, Helvetica, sans-serif;font-size: 36px;font-weight: 400;letter-spacing: normal;text-align: center;text-transform: none\">Jeden Samstag von Mai bis Oktober 2026<\/span><\/h2>\t\t\t\t<\/div>\n\t\t\t\t<\/div>\n\t\t\t\t<div class=\"elementor-element elementor-element-600c78ea elementor-widget__width-initial elementor-widget elementor-widget-text-editor\" data-id=\"600c78ea\" data-element_type=\"widget\" data-widget_type=\"text-editor.default\">\n\t\t\t\t<div class=\"elementor-widget-container\">\n\t\t\t\t\t\t\t\t\t<p class=\"has-text-align-center\">Am<strong> Wochenmarkt in Sargans werden<\/strong> <strong>jeden Samstag von 09:00 \u2013 12:00<\/strong> Uhr je nach Angebot verschiedene regionale Spezialit\u00e4ten wie K\u00e4se, Obst und Gem\u00fcse, Blumen, Honig, Eier, Backwaren, W\u00fcrste, Tee, Chiliprodukte, Seifen, Wein und allerlei Handgemachtes.<\/p>\n<p class=\"has-text-align-center\"><strong><span style=\"color: #339966;\">NEU<\/span>&nbsp;Jeden<\/strong>&nbsp;<strong>Marktsamstag<\/strong> ist der Markt <strong>offen f\u00fcr allerlei Handgemachtes.<\/strong><\/p>\n<hr>\n<p><strong><img decoding=\"async\" class=\"emoji\" role=\"img\" draggable=\"false\" src=\"https:\/\/s.w.org\/images\/core\/emoji\/17.0.2\/svg\/1f3d6.svg\" alt=\"\ud83c\udfd6\ufe0f\"> Sommerpause <img decoding=\"async\" class=\"emoji\" role=\"img\" draggable=\"false\" src=\"https:\/\/s.w.org\/images\/core\/emoji\/17.0.2\/svg\/1f3d6.svg\" alt=\"\ud83c\udfd6\ufe0f\"> <\/strong>An vier Markttagen im Sommer wird kein Markt durchgef\u00fchrt (11.07.2026, 18.07.2026, 25.07.2026 und 01.08.2026)<\/p>\t\t\t\t\t\t\t\t<\/div>\n\t\t\t\t<\/div>\n\t\t\t\t\t<\/div>\n\t\t<\/div>\n\t\t\t\t\t<\/div>\n\t\t<\/section>\n\t\t<div class=\"elementor-element elementor-element-3396167 e-con-full e-flex e-con e-parent\" data-id=\"3396167\" data-element_type=\"container\">\n\t\t\t\t<div class=\"elementor-element elementor-element-192d561 elementor-position-right elementor-vertical-align-middle elementor-widget elementor-widget-image-box\" data-id=\"192d561\" data-element_type=\"widget\" data-widget_type=\"image-box.default\">\n\t\t\t\t<div class=\"elementor-widget-container\">\n\t\t\t\t\t<div class=\"elementor-image-box-wrapper\"><figure class=\"elementor-image-box-img\"><img fetchpriority=\"high\" decoding=\"async\" width=\"2560\" height=\"1707\" src=\"https:\/\/wochenmarkt-sargans.ch\/wp-content\/uploads\/2025\/01\/20240504-_DSC3750-scaled.jpg\" class=\"attachment-full size-full wp-image-67\" alt=\"\" srcset=\"https:\/\/wochenmarkt-sargans.ch\/wp-content\/uploads\/2025\/01\/20240504-_DSC3750-scaled.jpg 2560w, https:\/\/wochenmarkt-sargans.ch\/wp-content\/uploads\/2025\/01\/20240504-_DSC3750-300x200.jpg 300w, https:\/\/wochenmarkt-sargans.ch\/wp-content\/uploads\/2025\/01\/20240504-_DSC3750-1024x683.jpg 1024w, https:\/\/wochenmarkt-sargans.ch\/wp-content\/uploads\/2025\/01\/20240504-_DSC3750-768x512.jpg 768w, https:\/\/wochenmarkt-sargans.ch\/wp-content\/uploads\/2025\/01\/20240504-_DSC3750-1536x1024.jpg 1536w, https:\/\/wochenmarkt-sargans.ch\/wp-content\/uploads\/2025\/01\/20240504-_DSC3750-2048x1365.jpg 2048w, https:\/\/wochenmarkt-sargans.ch\/wp-content\/uploads\/2025\/01\/20240504-_DSC3750-930x620.jpg 930w\" sizes=\"(max-width: 2560px) 100vw, 2560px\" \/><\/figure><div class=\"elementor-image-box-content\"><h3 class=\"elementor-image-box-title\">Der n\u00e4chste Wochenmarkt findet am 02. Mai 2026<br>09:00 - 12:00 statt <\/h3><p class=\"elementor-image-box-description\">Am letzten Markttag vom 2025 waren mit dabei:<br>Gem\u00fcsefrauen - Gem\u00fcse vom Lindenhof<br>Jenny Kehl - frisches Brot aus der Region<br>Forellenzucht Oberschan - alles von der Forelle<br>Chilipower - Chiliprodukte &amp; Take away Gerichte<br>Silvia Locher - Blumen &amp; Blumengestecke<br>Roberto Corrado - Spezialit\u00e4ten aus Calabrien<br>Moni Singh - Handmade Recycling<\/p><\/div><\/div>\t\t\t\t<\/div>\n\t\t\t\t<\/div>\n\t\t\t\t<\/div>\n\t\t\t\t<section class=\"elementor-section elementor-top-section elementor-element elementor-element-16488656 elementor-section-boxed elementor-section-height-default elementor-section-height-default\" data-id=\"16488656\" data-element_type=\"section\">\n\t\t\t\t\t\t<div class=\"elementor-container elementor-column-gap-default\">\n\t\t\t\t\t<div class=\"elementor-column elementor-col-50 elementor-top-column elementor-element elementor-element-23340014\" data-id=\"23340014\" data-element_type=\"column\">\n\t\t\t<div class=\"elementor-widget-wrap elementor-element-populated\">\n\t\t\t\t\t\t<div class=\"elementor-element elementor-element-a009dc8 elementor-widget elementor-widget-heading\" data-id=\"a009dc8\" data-element_type=\"widget\" data-widget_type=\"heading.default\">\n\t\t\t\t<div class=\"elementor-widget-container\">\n\t\t\t\t\t<h2 class=\"elementor-heading-title elementor-size-default\">Events<\/h2>\t\t\t\t<\/div>\n\t\t\t\t<\/div>\n\t\t\t\t<div class=\"elementor-element elementor-element-676c022f elementor-widget elementor-widget-heading\" data-id=\"676c022f\" data-element_type=\"widget\" data-widget_type=\"heading.default\">\n\t\t\t\t<div class=\"elementor-widget-container\">\n\t\t\t\t\t<h2 class=\"elementor-heading-title elementor-size-default\"><span style=\"font-family: Arial, Helvetica, sans-serif, Arial, Helvetica, sans-serif;font-size: 36px;font-weight: 400;letter-spacing: normal;text-align: center;text-transform: none\">Spezialm\u00e4rkte und Kinderprogramm<\/span><\/h2>\t\t\t\t<\/div>\n\t\t\t\t<\/div>\n\t\t\t\t<div class=\"elementor-element elementor-element-553a42c9 elementor-widget__width-initial elementor-widget elementor-widget-text-editor\" data-id=\"553a42c9\" data-element_type=\"widget\" data-widget_type=\"text-editor.default\">\n\t\t\t\t<div class=\"elementor-widget-container\">\n\t\t\t\t\t\t\t\t\t<p>Wir bieten in der Saison vier <strong>Spezialm\u00e4rkte<\/strong> an:<\/p><ul><li style=\"text-align: left;\"><span style=\"color: var( --e-global-color-text ); font-family: var( --e-global-typography-text-font-family ), Sans-serif; background-color: var(--nv-site-bg); letter-spacing: var(--bodyletterspacing); text-transform: var(--bodytexttransform);\">02. Mai 2026 <strong>\u00d6kologie- und Setzlingsmarkt<\/strong><\/span><\/li><li>Freitag, 12. Juni 2026 18:00 &#8211; 22:00 Uhr\u00a0<strong>Genuss und Abendmarkt\u00a0<\/strong><\/li><\/ul><div>(am darauffolgenden Tag, findet der Markt wie gewohnt statt)\u00a0<\/div><ul><li>08. August 2026 <strong>Jubil\u00e4umsmarkt<\/strong><\/li><\/ul><ul><li>05. September 2026 <strong>Secondhandmarkt<\/strong><\/li><li>26. September 2026\u00a0<strong>Handwerksmarkt<\/strong><\/li><\/ul><p>\u00a0<\/p><p><strong>\u00a0<\/strong><\/p><p><strong>Kinderprogramm<\/strong><\/p><p>Immer am letzten Samstag des Monats findet das Kinderprogramm statt, welches von der GEISS im St\u00e4dtli organisiert wird.<\/p><p style=\"text-align: left;\">\u00a0<\/p>\t\t\t\t\t\t\t\t<\/div>\n\t\t\t\t<\/div>\n\t\t\t\t\t<\/div>\n\t\t<\/div>\n\t\t\t\t<div class=\"elementor-column elementor-col-50 elementor-top-column elementor-element elementor-element-1b3eab17\" data-id=\"1b3eab17\" data-element_type=\"column\">\n\t\t\t<div class=\"elementor-widget-wrap elementor-element-populated\">\n\t\t\t\t\t\t<div class=\"elementor-element elementor-element-a187492 elementor-widget__width-initial elementor-widget elementor-widget-image\" data-id=\"a187492\" data-element_type=\"widget\" data-widget_type=\"image.default\">\n\t\t\t\t<div class=\"elementor-widget-container\">\n\t\t\t\t\t\t\t\t\t\t\t\t\t\t\t<img decoding=\"async\" src=\"https:\/\/wochenmarkt-sargans.ch\/wp-content\/uploads\/elementor\/thumbs\/20240504-_DSC3794-scaled-qzzcpepm9bscp4sxvf356bg2kgq6utcx0r18qphpzg.jpg\" title=\"20240504-_DSC3794\" alt=\"20240504-_DSC3794\" loading=\"lazy\" \/>\t\t\t\t\t\t\t\t\t\t\t\t\t\t\t<\/div>\n\t\t\t\t<\/div>\n\t\t\t\t\t<\/div>\n\t\t<\/div>\n\t\t\t\t\t<\/div>\n\t\t<\/section>\n\t\t<div class=\"elementor-element elementor-element-f3a7195 e-flex e-con-boxed e-con e-parent\" data-id=\"f3a7195\" data-element_type=\"container\">\n\t\t\t\t\t<div class=\"e-con-inner\">\n\t\t\t\t<div class=\"elementor-element elementor-element-5e9bfbb elementor-widget elementor-widget-spacer\" data-id=\"5e9bfbb\" data-element_type=\"widget\" data-widget_type=\"spacer.default\">\n\t\t\t\t<div class=\"elementor-widget-container\">\n\t\t\t\t\t\t\t<div class=\"elementor-spacer\">\n\t\t\t<div class=\"elementor-spacer-inner\"><\/div>\n\t\t<\/div>\n\t\t\t\t\t\t<\/div>\n\t\t\t\t<\/div>\n\t\t\t\t\t<\/div>\n\t\t\t\t<\/div>\n\t\t\t\t<section class=\"elementor-section elementor-top-section elementor-element elementor-element-17127486 elementor-section-stretched elementor-section-height-min-height elementor-section-boxed elementor-section-height-default elementor-section-items-middle\" data-id=\"17127486\" data-element_type=\"section\" data-settings=\"{&quot;stretch_section&quot;:&quot;section-stretched&quot;,&quot;background_background&quot;:&quot;classic&quot;}\">\n\t\t\t\t\t\t\t<div class=\"elementor-background-overlay\"><\/div>\n\t\t\t\t\t\t\t<div class=\"elementor-container elementor-column-gap-default\">\n\t\t\t\t\t<div class=\"elementor-column elementor-col-100 elementor-top-column elementor-element elementor-element-70b7dc71\" data-id=\"70b7dc71\" data-element_type=\"column\">\n\t\t\t<div class=\"elementor-widget-wrap elementor-element-populated\">\n\t\t\t\t\t\t<div class=\"elementor-element elementor-element-1ca00fe8 elementor-view-default elementor-widget elementor-widget-icon\" data-id=\"1ca00fe8\" data-element_type=\"widget\" data-widget_type=\"icon.default\">\n\t\t\t\t<div class=\"elementor-widget-container\">\n\t\t\t\t\t\t\t<div class=\"elementor-icon-wrapper\">\n\t\t\t<div class=\"elementor-icon\">\n\t\t\t<svg aria-hidden=\"true\" class=\"e-font-icon-svg e-fas-quote-left\" viewBox=\"0 0 512 512\" xmlns=\"http:\/\/www.w3.org\/2000\/svg\"><path d=\"M464 256h-80v-64c0-35.3 28.7-64 64-64h8c13.3 0 24-10.7 24-24V56c0-13.3-10.7-24-24-24h-8c-88.4 0-160 71.6-160 160v240c0 26.5 21.5 48 48 48h128c26.5 0 48-21.5 48-48V304c0-26.5-21.5-48-48-48zm-288 0H96v-64c0-35.3 28.7-64 64-64h8c13.3 0 24-10.7 24-24V56c0-13.3-10.7-24-24-24h-8C71.6 32 0 103.6 0 192v240c0 26.5 21.5 48 48 48h128c26.5 0 48-21.5 48-48V304c0-26.5-21.5-48-48-48z\"><\/path><\/svg>\t\t\t<\/div>\n\t\t<\/div>\n\t\t\t\t\t\t<\/div>\n\t\t\t\t<\/div>\n\t\t\t\t<div class=\"elementor-element elementor-element-f0229aa elementor-widget elementor-widget-heading\" data-id=\"f0229aa\" data-element_type=\"widget\" data-widget_type=\"heading.default\">\n\t\t\t\t<div class=\"elementor-widget-container\">\n\t\t\t\t\t<h2 class=\"elementor-heading-title elementor-size-default\">Komm vorbei, geniesse feinen Kaffe und selbstgemachten Kuchen, f\u00fchre gute gespr\u00e4che und lass dich vom charmanten Ambiente des St\u00e4dtli Sargans verzaubern<\/h2>\t\t\t\t<\/div>\n\t\t\t\t<\/div>\n\t\t\t\t<div class=\"elementor-element elementor-element-6c2fcb1e elementor-widget elementor-widget-heading\" data-id=\"6c2fcb1e\" data-element_type=\"widget\" data-widget_type=\"heading.default\">\n\t\t\t\t<div class=\"elementor-widget-container\">\n\t\t\t\t\t<h2 class=\"elementor-heading-title elementor-size-default\">- das markt ok<\/h2>\t\t\t\t<\/div>\n\t\t\t\t<\/div>\n\t\t\t\t\t<\/div>\n\t\t<\/div>\n\t\t\t\t\t<\/div>\n\t\t<\/section>\n\t\t<div class=\"elementor-element elementor-element-db39396 e-flex e-con-boxed e-con e-parent\" data-id=\"db39396\" data-element_type=\"container\">\n\t\t\t\t\t<div class=\"e-con-inner\">\n\t\t\t\t<div class=\"elementor-element elementor-element-c8ed88f elementor-widget elementor-widget-spacer\" data-id=\"c8ed88f\" data-element_type=\"widget\" data-widget_type=\"spacer.default\">\n\t\t\t\t<div class=\"elementor-widget-container\">\n\t\t\t\t\t\t\t<div class=\"elementor-spacer\">\n\t\t\t<div class=\"elementor-spacer-inner\"><\/div>\n\t\t<\/div>\n\t\t\t\t\t\t<\/div>\n\t\t\t\t<\/div>\n\t\t\t\t\t<\/div>\n\t\t\t\t<\/div>\n\t\t\t\t<section class=\"elementor-section elementor-top-section elementor-element elementor-element-42c76624 elementor-section-stretched elementor-section-content-middle elementor-section-boxed elementor-section-height-default elementor-section-height-default\" data-id=\"42c76624\" data-element_type=\"section\" data-settings=\"{&quot;stretch_section&quot;:&quot;section-stretched&quot;}\">\n\t\t\t\t\t\t\t<div class=\"elementor-background-overlay\"><\/div>\n\t\t\t\t\t\t\t<div class=\"elementor-container elementor-column-gap-default\">\n\t\t\t\t\t<div class=\"elementor-column elementor-col-100 elementor-top-column elementor-element elementor-element-4cb7f698\" data-id=\"4cb7f698\" data-element_type=\"column\">\n\t\t\t<div class=\"elementor-widget-wrap elementor-element-populated\">\n\t\t\t\t\t\t<div class=\"elementor-element elementor-element-494a052f elementor-widget elementor-widget-heading\" data-id=\"494a052f\" data-element_type=\"widget\" data-widget_type=\"heading.default\">\n\t\t\t\t<div class=\"elementor-widget-container\">\n\t\t\t\t\t<h2 class=\"elementor-heading-title elementor-size-default\">Bleibe auf dem laufenden<\/h2>\t\t\t\t<\/div>\n\t\t\t\t<\/div>\n\t\t\t\t<div class=\"elementor-element elementor-element-654b6247 elementor-widget elementor-widget-heading\" data-id=\"654b6247\" data-element_type=\"widget\" data-widget_type=\"heading.default\">\n\t\t\t\t<div class=\"elementor-widget-container\">\n\t\t\t\t\t<h2 class=\"elementor-heading-title elementor-size-default\">Vernetze dich mit uns<\/h2>\t\t\t\t<\/div>\n\t\t\t\t<\/div>\n\t\t\t\t<div class=\"elementor-element elementor-element-17e9ef42 elementor-shape-circle elementor-grid-0 e-grid-align-center elementor-widget elementor-widget-social-icons\" data-id=\"17e9ef42\" data-element_type=\"widget\" data-widget_type=\"social-icons.default\">\n\t\t\t\t<div class=\"elementor-widget-container\">\n\t\t\t\t\t\t\t<div class=\"elementor-social-icons-wrapper elementor-grid\">\n\t\t\t\t\t\t\t<span class=\"elementor-grid-item\">\n\t\t\t\t\t<a class=\"elementor-icon elementor-social-icon elementor-social-icon-facebook-f elementor-repeater-item-f9a2f9d\" href=\"https:\/\/www.facebook.com\/profile.php?id=100080997100012&#038;mibextid=wwXlfr\" target=\"_blank\">\n\t\t\t\t\t\t<span class=\"elementor-screen-only\">Facebook-f<\/span>\n\t\t\t\t\t\t<svg class=\"e-font-icon-svg e-fab-facebook-f\" viewBox=\"0 0 320 512\" xmlns=\"http:\/\/www.w3.org\/2000\/svg\"><path d=\"M279.14 288l14.22-92.66h-88.91v-60.13c0-25.35 12.42-50.06 52.24-50.06h40.42V6.26S260.43 0 225.36 0c-73.22 0-121.08 44.38-121.08 124.72v70.62H22.89V288h81.39v224h100.17V288z\"><\/path><\/svg>\t\t\t\t\t<\/a>\n\t\t\t\t<\/span>\n\t\t\t\t\t\t\t<span class=\"elementor-grid-item\">\n\t\t\t\t\t<a class=\"elementor-icon elementor-social-icon elementor-social-icon-instagram elementor-repeater-item-8cc92d4\" href=\"https:\/\/www.instagram.com\/wochenmarkt_sargans?igsh=MWVrMTFjYzliaXA1eA==\" target=\"_blank\">\n\t\t\t\t\t\t<span class=\"elementor-screen-only\">Instagram<\/span>\n\t\t\t\t\t\t<svg class=\"e-font-icon-svg e-fab-instagram\" viewBox=\"0 0 448 512\" xmlns=\"http:\/\/www.w3.org\/2000\/svg\"><path d=\"M224.1 141c-63.6 0-114.9 51.3-114.9 114.9s51.3 114.9 114.9 114.9S339 319.5 339 255.9 287.7 141 224.1 141zm0 189.6c-41.1 0-74.7-33.5-74.7-74.7s33.5-74.7 74.7-74.7 74.7 33.5 74.7 74.7-33.6 74.7-74.7 74.7zm146.4-194.3c0 14.9-12 26.8-26.8 26.8-14.9 0-26.8-12-26.8-26.8s12-26.8 26.8-26.8 26.8 12 26.8 26.8zm76.1 27.2c-1.7-35.9-9.9-67.7-36.2-93.9-26.2-26.2-58-34.4-93.9-36.2-37-2.1-147.9-2.1-184.9 0-35.8 1.7-67.6 9.9-93.9 36.1s-34.4 58-36.2 93.9c-2.1 37-2.1 147.9 0 184.9 1.7 35.9 9.9 67.7 36.2 93.9s58 34.4 93.9 36.2c37 2.1 147.9 2.1 184.9 0 35.9-1.7 67.7-9.9 93.9-36.2 26.2-26.2 34.4-58 36.2-93.9 2.1-37 2.1-147.8 0-184.8zM398.8 388c-7.8 19.6-22.9 34.7-42.6 42.6-29.5 11.7-99.5 9-132.1 9s-102.7 2.6-132.1-9c-19.6-7.8-34.7-22.9-42.6-42.6-11.7-29.5-9-99.5-9-132.1s-2.6-102.7 9-132.1c7.8-19.6 22.9-34.7 42.6-42.6 29.5-11.7 99.5-9 132.1-9s102.7-2.6 132.1 9c19.6 7.8 34.7 22.9 42.6 42.6 11.7 29.5 9 99.5 9 132.1s2.7 102.7-9 132.1z\"><\/path><\/svg>\t\t\t\t\t<\/a>\n\t\t\t\t<\/span>\n\t\t\t\t\t<\/div>\n\t\t\t\t\t\t<\/div>\n\t\t\t\t<\/div>\n\t\t\t\t\t<\/div>\n\t\t<\/div>\n\t\t\t\t\t<\/div>\n\t\t<\/section>\n\t\t\t\t<\/div>\n\t\t","protected":false},"excerpt":{"rendered":"<p>Willkommen auf der Webseite des Wochenmarkt Sargans Sch\u00f6n das Sie uns gefunden haben. Marktsaison Jeden Samstag von Mai bis Oktober 2026 Am Wochenmarkt in Sargans werden jeden Samstag von 09:00 \u2013 12:00 Uhr je nach Angebot verschiedene regionale Spezialit\u00e4ten wie K\u00e4se, Obst und Gem\u00fcse, Blumen, Honig, Eier, Backwaren, W\u00fcrste, Tee, Chiliprodukte, Seifen, Wein und allerlei&hellip;&nbsp;<a href=\"https:\/\/wochenmarkt-sargans.ch\/\" rel=\"bookmark\">Weiterlesen &raquo;<span class=\"screen-reader-text\">Home<\/span><\/a><\/p>\n","protected":false},"author":2,"featured_media":0,"parent":0,"menu_order":0,"comment_status":"closed","ping_status":"closed","template":"page-templates\/template-pagebuilder-full-width.php","meta":{"neve_meta_sidebar":"","neve_meta_container":"","neve_meta_enable_content_width":"","neve_meta_content_width":0,"neve_meta_title_alignment":"","neve_meta_author_avatar":"","neve_post_elements_order":"","neve_meta_disable_header":"","neve_meta_disable_footer":"","neve_meta_disable_title":"","footnotes":""},"class_list":["post-435","page","type-page","status-publish","hentry"],"_links":{"self":[{"href":"https:\/\/wochenmarkt-sargans.ch\/index.php?rest_route=\/wp\/v2\/pages\/435","targetHints":{"allow":["GET"]}}],"collection":[{"href":"https:\/\/wochenmarkt-sargans.ch\/index.php?rest_route=\/wp\/v2\/pages"}],"about":[{"href":"https:\/\/wochenmarkt-sargans.ch\/index.php?rest_route=\/wp\/v2\/types\/page"}],"author":[{"embeddable":true,"href":"https:\/\/wochenmarkt-sargans.ch\/index.php?rest_route=\/wp\/v2\/users\/2"}],"replies":[{"embeddable":true,"href":"https:\/\/wochenmarkt-sargans.ch\/index.php?rest_route=%2Fwp%2Fv2%2Fcomments&post=435"}],"version-history":[{"count":236,"href":"https:\/\/wochenmarkt-sargans.ch\/index.php?rest_route=\/wp\/v2\/pages\/435\/revisions"}],"predecessor-version":[{"id":1140,"href":"https:\/\/wochenmarkt-sargans.ch\/index.php?rest_route=\/wp\/v2\/pages\/435\/revisions\/1140"}],"wp:attachment":[{"href":"https:\/\/wochenmarkt-sargans.ch\/index.php?rest_route=%2Fwp%2Fv2%2Fmedia&parent=435"}],"curies":[{"name":"wp","href":"https:\/\/api.w.org\/{rel}","templated":true}]}}